{"id":4126,"date":"2021-09-10T00:22:45","date_gmt":"2021-09-09T22:22:45","guid":{"rendered":"https:\/\/curefini.eu\/datenschutzerklaerung\/"},"modified":"2021-09-10T00:41:51","modified_gmt":"2021-09-09T22:41:51","slug":"datenschutzerklaerung","status":"publish","type":"page","link":"https:\/\/curefini.eu\/de\/datenschutzerklaerung\/","title":{"rendered":"Datenschutzerkl\u00e4rung"},"content":{"rendered":"\t\t<div data-elementor-type=\"wp-page\" data-elementor-id=\"4126\" class=\"elementor elementor-4126 elementor-274\" data-elementor-post-type=\"page\">\n\t\t\t\t\t\t<section class=\"elementor-section elementor-top-section elementor-element elementor-element-d92b95c elementor-section-boxed elementor-section-height-default elementor-section-height-default\" data-id=\"d92b95c\" data-element_type=\"section\">\n\t\t\t\t\t\t<div class=\"elementor-container elementor-column-gap-default\">\n\t\t\t\t\t<div class=\"elementor-column elementor-col-100 elementor-top-column elementor-element elementor-element-510a6cd\" data-id=\"510a6cd\" data-element_type=\"column\">\n\t\t\t<div class=\"elementor-widget-wrap elementor-element-populated\">\n\t\t\t\t\t\t<div class=\"elementor-element elementor-element-bf18426 elementor-widget elementor-widget-heading\" data-id=\"bf18426\" data-element_type=\"widget\" data-widget_type=\"heading.default\">\n\t\t\t\t<div class=\"elementor-widget-container\">\n\t\t\t<h2 class=\"elementor-heading-title elementor-size-default\">Datenschutzerkl\u00e4rung<\/h2>\t\t<\/div>\n\t\t\t\t<\/div>\n\t\t\t\t<div class=\"elementor-element elementor-element-951820f elementor-widget elementor-widget-text-editor\" data-id=\"951820f\" data-element_type=\"widget\" id=\"condiciones\" data-widget_type=\"text-editor.default\">\n\t\t\t\t<div class=\"elementor-widget-container\">\n\t\t\t\t\t\t\t<p><strong><em>Datenschutzerkl\u00e4rung gem\u00e4\u00df der EU-Verordnung 2016\/679 des Europ\u00e4ischen Parlaments und des Rates vom 27. April 2016 (Allgemeine Verordnung zum Schutz personenbezogener Daten &#8211; DSGVO) und des Gesetzesdekrets Nr. 196\/2003 (Kodex f\u00fcr personenbezogene Daten). <\/em><\/strong><\/p>\n<p>Diese Datenschutzerkl\u00e4rung soll beschreiben, wie diese Website verwaltet wird, in Bezug auf die Verwendung von Cookies und die Verarbeitung personenbezogener Daten von Benutzern \/ Besuchern, die sie konsultieren.<\/p>\n<p>Dies ist ein Informationshinweis gem\u00e4\u00df der Verordnung 2016\/679 \/ EU (Datenschutz-Grundverordnung &#8211; im Folgenden DSGVO) und Artikel 122 des Kodex zum Schutz personenbezogener Daten (Gesetzesdekret 196 \/ 03, das sogenannte Datenschutzgesetz) und der Allgemeinen Bestimmung des Garanten vom 8. Mai 2014 \u00fcber Cookies f\u00fcr diejenigen, die sich mit der Website verbinden.<\/p>\n<p>Die Informationen werden nur f\u00fcr die oben genannte Website (im Folgenden &#8220;Website&#8221; oder &#8220;diese Website&#8221;) und damit verbundene m\u00f6gliche Subdomains bereitgestellt, nicht jedoch f\u00fcr andere Websites, die vom Benutzer \u00fcber entsprechende Links konsultiert werden k\u00f6nnen.<\/p>\n<p>R2 Healthcare Solutions garantiert die Einhaltung der Gesetze zum Schutz personenbezogener Daten.<\/p>\n<p>Benutzer \/ Besucher werden gebeten, diese Datenschutzrichtlinie sorgf\u00e4ltig zu lesen, bevor sie jegliche Art von pers\u00f6nlichen Informationen einreichen und \/ oder ein elektronisches Formular auf der Website ausf\u00fcllen.<\/p>\n<p><strong>Art der verarbeiteten Daten und Zweck der Verarbeitung<\/strong><\/p>\n<ol>\n<li><strong> Navigationsdaten<\/strong><\/li>\n<\/ol>\n<p>Die Computersysteme und Softwareverfahren, die f\u00fcr den Betrieb dieser Website verwendet werden, erfassen im normalen Betrieb einige Daten, die implizit bei der Verwendung von Internet-Kommunikationsprotokollen \u00fcbertragen werden.<\/p>\n<p>Dies sind Informationen, die nicht gesammelt werden, um mit identifizierten interessenten Parteien in Verbindung gebracht zu werden, die aber aufgrund ihrer Natur, auch durch die Verarbeitung mit Daten im Besitz Dritter, die Identifizierung von Benutzern \/ Besuchern erm\u00f6glichen k\u00f6nnten (z. B. IP-Adresse, Computerdom\u00e4nennamen, die von Benutzern verwendet werden, die sich mit der Website verbinden, der Code, der die Antwortstatusdaten des Servers angibt, Browsertyp, Zeitangaben zu Beginn und Ende der Browsersitzung, Identifizierung des Kontos und der auf der Website durchgef\u00fchrten Aktivit\u00e4ten usw.).<\/p>\n<p>Diese Daten werden nur f\u00fcr statistische Informationen und zur \u00dcberpr\u00fcfung des ordnungsgem\u00e4\u00dfen Funktionierens der Website verwendet. Die Daten selbst werden f\u00fcr maximal sechs Monate aufbewahrt, unbeschadet der weiteren Speicherung f\u00fcr Ermittlungen zu Computerverbrechen gegen die Website oder zur Reaktion auf bestimmte regulatorische Verpflichtungen.<\/p>\n<p>Es werden keine Daten aus dem Webservice weitergegeben.<\/p>\n<ol start=\"2\">\n<li><em><strong> Cookies<\/strong><\/em><\/li>\n<\/ol>\n<p><em>2.1 Allgemeine Informationen zu Cookies<\/em><\/p>\n<p><em>Cookies sind kleine Textdateien, die die von Benutzern besuchten Websites an ihre Endger\u00e4te (in der Regel an den Browser) senden, wo sie gespeichert werden, bevor sie bei jedem weiteren Besuch \u00fcber dasselbe Endger\u00e4t erneut an dieselben Websites \u00fcbertragen werden. Dar\u00fcber hinaus kann jede Website die \u00dcbertragung der c.d. &#8220;Drittanbieter&#8221; -Cookies, i.<\/em> <em>e.<\/em> <em>diejenigen, die von anderen Websites als der, die der Benutzer besucht, generiert werden (durch darin enthaltene Objekte wie Banner, Bilder, Karten, Sounds, spezifische Links zu Webseiten anderer Domains).<\/em><\/p>\n<p><em>Abh\u00e4ngig von ihrer Dauer werden sie in Session-Cookies (d.h. solche tempor\u00e4ren und am Ende der Browsersitzung automatisch vom Terminal gel\u00f6schten Cookies durch Schlie\u00dfen des Browsers) und persistente Cookies (d.h. solche, die bis zu ihrem Ablauf oder ihrer L\u00f6schung durch den Benutzer auf dem Terminal gespeichert bleiben) unterteilt.<\/em><\/p>\n<p>Cookies haben unterschiedliche Zwecke. Sie werden in erster Linie f\u00fcr die \u00dcbermittlung von Kommunikation oder zur Erbringung der vom Benutzer angeforderten Dienstleistung verwendet; Genauer gesagt erm\u00f6glichen sie es Ihnen, das Funktionieren der Website zu aktivieren und zu optimieren, die Computerauthentifizierung durchzuf\u00fchren und Missbrauch zu verhindern, Sitzungen zu \u00fcberwachen, das Surferlebnis der Benutzer zu verbessern, z. B. indem Sie die Verbindung zu eingeschr\u00e4nkten Bereichen aktiv halten, w\u00e4hrend Sie durch die Seiten der Website surfen, ohne dass Sie die Benutzer-ID und das Passwort erneut eingeben und sich spezifische Informationen \u00fcber die Benutzer selbst merken m\u00fcssen (einschlie\u00dflich Pr\u00e4ferenzen,&nbsp; B. Browsertyp und verwendeter Computer).<\/p>\n<p>Die oben genannten Cookies werden als &#8220;technisch&#8221; bezeichnet (die Zustimmung des Benutzers ist f\u00fcr ihre Verwendung nicht erforderlich), da ohne sie einige der oben genannten Vorg\u00e4nge nicht durchgef\u00fchrt werden k\u00f6nnten oder komplexer und \/ oder weniger sicher w\u00e4ren.<\/p>\n<p>Andernfalls, wenn Cookies f\u00fcr weitere Zwecke verwendet werden, typischerweise f\u00fcr Verhaltensanalysen und das Versenden personalisierter Werbebotschaften (sogenannte &#8220;Profiling&#8221; -Cookies) oder auch nur, um durch dienste von Dritten erbrachte Informationen in aggregierter Form \u00fcber die Anzahl der Benutzer und deren Besuch der Website zu erhalten (sogenannte &#8220;Analyse-Cookies&#8221;), ist die Zustimmung des Benutzers erforderlich. Bevor diese Cookies gem\u00e4\u00df der geltenden Gesetzgebung (Datenschutzkodex und allgemeine Bestimmung des Garanten vom 8. Mai 2014) an das Terminal gesendet werden, wird beim Zugriff auf die Homepage oder eine andere Seite der Website sofort im Vordergrund ein Banner mit einer ersten Zusammenfassung der Informationen \u00fcber die Verwendung von Cookies und \u00fcber die Einholung der Zustimmung angezeigt.&nbsp; die der Benutzer bereitstellen kann, indem er weiter surft, indem er ein Element unter dem Banner ausw\u00e4hlt oder das Banner selbst schlie\u00dft.<\/p>\n<p>In jedem Fall k\u00f6nnen Cookies nur von der Website gelesen oder ge\u00e4ndert werden, die sie generiert hat; Sie k\u00f6nnen nicht verwendet werden, um Daten vom Endger\u00e4t des Benutzers abzurufen und k\u00f6nnen keine Computerviren \u00fcbertragen. Einige der Funktionen von Cookies k\u00f6nnen auch von anderen Technologien ausgef\u00fchrt werden; Daher bezieht sich der Begriff &#8220;Cookie&#8221; im Rahmen dieser Web-Datenschutzerkl\u00e4rung auf Cookies und alle \u00e4hnlichen Technologien.<\/p>\n<p><em>2.2 Verwendung von Cookies auf dieser Website<\/em><\/p>\n<p><em>Diese Website kann Sitzungscookies und dauerhafte Cookies verwenden. Die Arten von Cookies, die direkt von dieser Website generiert werden, sind:<\/em><\/p>\n<ul>\n<li><em> &#8220;technische&#8221; Cookies, die verwendet werden f\u00fcr: a) Anpassung der Benutzeroberfl\u00e4che (e.<\/em> <em>g. Um Benutzereinstellungen wie Sprache, W\u00e4hrung, Seitenanzeigeformat, Verbindungsbereich aufzuzeichnen); b) bessere Benutzerfreundlichkeit der Website und ihrer audiovisuellen Inhalte (e.<\/em> <em>g. durch Ausf\u00fchren von Flash-Player-Programmen); c) die korrekte Funktion der Verbindung (e.<\/em> <em>g.<\/em> <em>durch angemessene Adressierung von Benutzeranforderungen zwischen mehreren Servern)<\/em><\/li>\n<\/ul>\n<p><em>2.3 Cookies von &#8220;Drittanbietern&#8221;<\/em><\/p>\n<p><em>Diese Website erm\u00f6glicht auch die \u00dcbertragung von Cookies von Drittanbietern an das Endger\u00e4t des Benutzers, mit denen R2 Healthcare Solutions eine Schnittstelle besteht. R2 Healthcare Solutions beschr\u00e4nkt sich als technischer Vermittler auf das Senden dieser Cookies, verwaltet jedoch nicht deren Betrieb (daher hat es keine Kontrolle und keinen Zugriff auf die bereitgestellten \/ erworbenen Informationen), da ihr Betrieb in der Verantwortung Dritter liegt. F\u00fcr diese Cookies k\u00f6nnen Sie auf die Informationen und die Einwilligungsformulare von Drittanbietern zugreifen, indem Sie auf die folgenden Links klicken. Dritte k\u00f6nnen zum Beispiel sein:<\/em><\/p>\n<ol>\n<li><em>a) soziale Medien, die in der Regel Cookies verwalten, um durch Plug-Ins das Teilen von Inhalten zwischen den &#8220;eingeloggten&#8221; Mitgliedern desselben sozialen Netzwerks zu erm\u00f6glichen. Solche Themen sind zum Beispiel:<\/em><\/li>\n<\/ol>\n<ul>\n<li>\u00dcber Facebook\n<ul>\n<li>Cookies: <a href=\"https:\/\/it-it.facebook.com\/policies\/cookies\/\" target=\"_blank\">https:\/\/it-it.facebook.com\/policies\/cookies\/<\/a><\/li>\n<li>Datenschutz: <a href=\"https:\/\/it-it.facebook.com\/about\/privacy\/update\" target=\"_blank\">https:\/\/it-it.facebook.com\/about\/privacy\/update<\/a><\/li>\n<\/ul>\n<\/li>\n<li>Zwitschern\n<ul>\n<li>Cookies: <a href=\"https:\/\/help.twitter.com\/it\/rules-and-policies\/twitter-cookies\" target=\"_blank\">https:\/\/help.twitter.com\/it\/rules-and-policies\/twitter-cookies<\/a><\/li>\n<li>Datenschutz: <a href=\"https:\/\/twitter.com\/privacy?lang=it#update\" target=\"_blank\">https:\/\/twitter.com\/privacy?lang=it#update<\/a><\/li>\n<\/ul>\n<\/li>\n<li>Google+\n<ul>\n<li>Datenschutz: <a href=\"https:\/\/policies.google.com\/privacy\/update?hl=it&amp;gl=it\" target=\"_blank\">https:\/\/policies.google.com\/privacy\/update?hl=it&amp;gl=it<\/a><\/li>\n<\/ul>\n<\/li>\n<li>SlideShare\n<ul>\n<li>Cookies: <a href=\"https:\/\/www.linkedin.com\/legal\/cookie-policy\" target=\"_blank\">https:\/\/www.linkedin.com\/legal\/cookie-policy<\/a><\/li>\n<li>Datenschutz: <a href=\"https:\/\/www.linkedin.com\/legal\/privacy-policy\" target=\"_blank\">https:\/\/www.linkedin.com\/legal\/privacy-policy<\/a><\/li>\n<\/ul>\n<\/li>\n<li>LinkedIn (verlinkt)\n<ul>\n<li>Cookies: <a href=\"https:\/\/www.linkedin.com\/legal\/cookie-policy\" target=\"_blank\">https:\/\/www.linkedin.com\/legal\/cookie-policy<\/a><\/li>\n<li>Datenschutz: <a href=\"https:\/\/www.linkedin.com\/legal\/privacy-policy\" target=\"_blank\">https:\/\/www.linkedin.com\/legal\/privacy-policy<\/a><\/li>\n<\/ul>\n<\/li>\n<li>Flickr\n<ul>\n<li>Datenschutz: <a href=\"https:\/\/policies.yahoo.com\/ie\/it\/yahoo\/privacy\/products\/flickr\/index.htm\" target=\"_blank\">https:\/\/policies.yahoo.com\/ie\/it\/yahoo\/privacy\/products\/flickr\/index.htm<\/a><\/li>\n<\/ul>\n<\/li>\n<li>Youtube\n<ul>\n<li>Datenschutz: <a href=\"https:\/\/policies.google.com\/privacy\/update?hl=it&amp;gl=it\" target=\"_blank\">https:\/\/policies.google.com\/privacy\/update?hl=it&amp;gl=it<\/a><\/li>\n<\/ul>\n<\/li>\n<li>\u00dcber Instagram\n<ul>\n<li>Datenschutz: <a href=\"https:\/\/help.instagram.com\/519522125107875\" target=\"_blank\">https:\/\/help.instagram.com\/519522125107875<\/a><\/li>\n<\/ul>\n<\/li>\n<\/ul>\n<ol>\n<li>b) Personen, deren Dienste R2 Healthcare Solutions nutzen k\u00f6nnte, um aggregierte \/ statistische Informationen \u00fcber Benutzer zu sammeln, die diese Website besuchen. Zum Beispiel der Google Analytics-Dienst (<a href=\"https:\/\/policies.google.com\/privacy\/update?hl=it&amp;gl=it\" target=\"_blank\" style=\"\">https:\/\/policies.google.com\/privacy\/update?hl=it&amp;gl=it<\/a>), der vom Google-Unternehmen bereitgestellt wird.<\/li>\n<\/ol>\n<p><em>2.4 Verwaltung von Cookie-Optionen<\/em><\/p>\n<p><em>Cookies k\u00f6nnen vom Benutzer \u00fcber seinen Browser verwaltet werden.<\/em><\/p>\n<p><em>Der Benutzer kann seine Cookie-Einstellungen \u00fcber die Funktionen in g\u00e4ngigen Browsern (Internet Explorer, Mozilla Firefox, Google Crome, Apple Safari) verwalten, mit denen Sie Cookies (alle oder einige) l\u00f6schen \/ entfernen oder die Einstellungen des Browsers selbst \u00e4ndern k\u00f6nnen, um das Senden von Cookies zu blockieren oder auf bestimmte Websites zu beschr\u00e4nken (im Vergleich zu anderen). Es ist m\u00f6glich, herauszufinden, wie Sie die Browsereinstellungen konfigurieren (normalerweise \u00fcber die Leiste &#8220;Tools&#8221; zug\u00e4nglich), indem Sie auf die &#8220;Support&#8221; -Webseiten der Anbieter der oben genannten Browser gehen (auch \u00fcber eine g\u00e4ngige Suchmaschine identifizierbar).<\/em><\/p>\n<p><em>Die Deaktivierung von Cookies schlie\u00dft an sich die Nutzung der Website-Dienste nicht aus; Wenn jedoch alle Cookies gel\u00f6scht \/ blockiert werden, einschlie\u00dflich der technischen, k\u00f6nnten einige Vorg\u00e4nge nicht durchgef\u00fchrt werden oder w\u00e4ren komplexer und \/ oder weniger sicher, wie zum Beispiel f\u00fcr die Ausf\u00fchrung von Aktivit\u00e4ten innerhalb der reservierten Bereiche der Website (Tats\u00e4chlich erm\u00f6glichen Cookies die Identifizierung des Benutzers w\u00e4hrend der Sitzung).<\/em><\/p>\n<ol start=\"3\">\n<li><em><strong> Von Nutzern \/ Besuchern freiwillig zur Verf\u00fcgung gestellte Daten<\/strong><\/em><\/li>\n<\/ol>\n<p><em>Wenn Benutzer \/ Besucher, die sich mit dieser Website verbinden, ihre personenbezogenen Daten senden, beinhaltet dies die Erfassung der Adresse des Absenders und \/ oder anderer personenbezogener Daten durch R2 Healthcare Solutions, die ausschlie\u00dflich f\u00fcr die von der Website vorgeschlagenen Aktivit\u00e4ten verarbeitet werden.<\/em><\/p>\n<p><em>Die von Nutzern \/ Besuchern zur Verf\u00fcgung gestellten personenbezogenen Daten werden nur dann an Dritte weitergegeben, wenn die Kommunikation erforderlich ist, um den W\u00fcnschen der Nutzer \/ Besucher selbst nachzukommen.<\/em><\/p>\n<ol start=\"4\">\n<li><strong><em> Art der Verarbeitung<\/em><\/strong><\/li>\n<\/ol>\n<p>Die Verarbeitung erfolgt durch IT- und Telematik-Tools und\/oder manuell (e. g. B. auf Papier) f\u00fcr die Zeit, die unbedingt erforderlich ist, um die Zwecke zu erreichen, f\u00fcr die die Daten erhoben wurden, und in jedem Fall in \u00dcbereinstimmung mit den geltenden Vorschriften zu diesem Thema.<\/p>\n<ol start=\"5\">\n<li><strong><em> Optionale Angabe von Daten<\/em><\/strong><\/li>\n<\/ol>\n<p>Abgesehen von den f\u00fcr Navigationsdaten angegebenen Daten steht es den Benutzern \/ Besuchern frei, ihre personenbezogenen Daten anzugeben. Die Nichtbereitstellung kann nur dazu f\u00fchren, dass es unm\u00f6glich ist, das angeforderte zu erhalten.<\/p>\n<ol start=\"6\">\n<li><strong><em> Inhaber, Datenschutzbeauftragter und Kategorien von Personen, die zur Verarbeitung von Daten in R2 Healthcare Solutions berechtigt sind.<\/em><\/strong><\/li>\n<\/ol>\n<p>Der Inhaber der Datenverarbeitung ist R2 Healthcare Solutions S.r.l. mit Sitz in Rom, Viale Giorgio Ribotta n. 21-00144<\/p>\n<p>R2 Healthcare Solutions hat einen Datenschutzbeauftragten in Person von &#8230; .. und die durch Senden einer E-Mail an folgende E-Mail-Adresse kontaktiert werden k\u00f6nnen:<\/p>\n<p>Die aktualisierte Liste der Kontaktdaten des Datenschutzbeauftragten ist auf der Website https:\/\/curefini.com verf\u00fcgbar.<\/p>\n<ol start=\"7\">\n<li><strong><em> Rechte der Interessierten<\/em><\/strong><\/li>\n<\/ol>\n<p>Nutzer \/ Besucher haben das Recht, jederzeit auf die sie betreffenden Daten zuzugreifen und die anderen zur Verf\u00fcgung gestellten Rechte auszu\u00fcben (e. g. die Herkunft der Daten, die Berichtigung unrichtiger oder unvollst\u00e4ndiger Daten, die Einschr\u00e4nkung der Verarbeitung, die L\u00f6schung oder vergessen, die Daten\u00fcbertragbarkeit sowie die Ablehnung ihrer Verwendung aus legitimen Gr\u00fcnden zu verlangen), indem Sie sich an R2 Healthcare Solutions Srl wenden.&nbsp;<\/p>\t\t\t\t\t\t<\/div>\n\t\t\t\t<\/div>\n\t\t\t\t\t<\/div>\n\t\t<\/div>\n\t\t\t\t\t<\/div>\n\t\t<\/section>\n\t\t\t\t<\/div>\n\t\t","protected":false},"excerpt":{"rendered":"<p>Datenschutzerkl\u00e4rung Datenschutzerkl\u00e4rung gem\u00e4\u00df der EU-Verordnung 2016\/679 des Europ\u00e4ischen Parlaments und des Rates vom 27. April 2016 (Allgemeine Verordnung zum Schutz&#8230;<\/p>\n","protected":false},"author":1,"featured_media":0,"parent":0,"menu_order":0,"comment_status":"closed","ping_status":"closed","template":"","meta":{"footnotes":"","_joinchat":[]},"_links":{"self":[{"href":"https:\/\/curefini.eu\/de\/wp-json\/wp\/v2\/pages\/4126"}],"collection":[{"href":"https:\/\/curefini.eu\/de\/wp-json\/wp\/v2\/pages"}],"about":[{"href":"https:\/\/curefini.eu\/de\/wp-json\/wp\/v2\/types\/page"}],"author":[{"embeddable":true,"href":"https:\/\/curefini.eu\/de\/wp-json\/wp\/v2\/users\/1"}],"replies":[{"embeddable":true,"href":"https:\/\/curefini.eu\/de\/wp-json\/wp\/v2\/comments?post=4126"}],"version-history":[{"count":9,"href":"https:\/\/curefini.eu\/de\/wp-json\/wp\/v2\/pages\/4126\/revisions"}],"predecessor-version":[{"id":4146,"href":"https:\/\/curefini.eu\/de\/wp-json\/wp\/v2\/pages\/4126\/revisions\/4146"}],"wp:attachment":[{"href":"https:\/\/curefini.eu\/de\/wp-json\/wp\/v2\/media?parent=4126"}],"curies":[{"name":"wp","href":"https:\/\/api.w.org\/{rel}","templated":true}]}}