{"id":4627,"date":"2021-09-13T14:32:36","date_gmt":"2021-09-13T12:32:36","guid":{"rendered":"https:\/\/curefini.eu\/wir\/"},"modified":"2021-10-26T10:33:02","modified_gmt":"2021-10-26T08:33:02","slug":"wir","status":"publish","type":"page","link":"https:\/\/curefini.eu\/de\/wir\/","title":{"rendered":"Wir"},"content":{"rendered":"\t\t<div data-elementor-type=\"wp-page\" data-elementor-id=\"4627\" class=\"elementor elementor-4627 elementor-387\" data-elementor-post-type=\"page\">\n\t\t\t\t\t\t<section class=\"elementor-section elementor-top-section elementor-element elementor-element-44dee3e elementor-section-boxed elementor-section-height-default elementor-section-height-default\" data-id=\"44dee3e\" data-element_type=\"section\">\n\t\t\t\t\t\t<div class=\"elementor-container elementor-column-gap-wide\">\n\t\t\t\t\t<div class=\"elementor-column elementor-col-50 elementor-top-column elementor-element elementor-element-b4f9f3c\" data-id=\"b4f9f3c\" data-element_type=\"column\">\n\t\t\t<div class=\"elementor-widget-wrap elementor-element-populated\">\n\t\t\t\t\t\t<div class=\"elementor-element elementor-element-6abcad3 elementor-widget elementor-widget-image\" data-id=\"6abcad3\" data-element_type=\"widget\" data-widget_type=\"image.default\">\n\t\t\t\t<div class=\"elementor-widget-container\">\n\t\t\t\t\t\t\t\t\t\t\t\t\t<img fetchpriority=\"high\" decoding=\"async\" width=\"1200\" height=\"744\" src=\"https:\/\/curefini.eu\/wp-content\/uploads\/curefini-nosotros.jpg\" class=\"attachment-large size-large wp-image-4628\" alt=\"\" srcset=\"https:\/\/curefini.eu\/wp-content\/uploads\/curefini-nosotros.jpg 1200w, https:\/\/curefini.eu\/wp-content\/uploads\/curefini-nosotros-800x496.jpg 800w, https:\/\/curefini.eu\/wp-content\/uploads\/curefini-nosotros-768x476.jpg 768w, https:\/\/curefini.eu\/wp-content\/uploads\/curefini-nosotros-370x229.jpg 370w, https:\/\/curefini.eu\/wp-content\/uploads\/curefini-nosotros-600x372.jpg 600w\" sizes=\"(max-width: 1200px) 100vw, 1200px\" \/>\t\t\t\t\t\t\t\t\t\t\t\t\t<\/div>\n\t\t\t\t<\/div>\n\t\t\t\t\t<\/div>\n\t\t<\/div>\n\t\t\t\t<div class=\"elementor-column elementor-col-50 elementor-top-column elementor-element elementor-element-5406194\" data-id=\"5406194\" data-element_type=\"column\">\n\t\t\t<div class=\"elementor-widget-wrap elementor-element-populated\">\n\t\t\t\t\t\t<div class=\"elementor-element elementor-element-11a384f elementor-widget elementor-widget-heading\" data-id=\"11a384f\" data-element_type=\"widget\" data-widget_type=\"heading.default\">\n\t\t\t\t<div class=\"elementor-widget-container\">\n\t\t\t<h3 class=\"elementor-heading-title elementor-size-default\">\u00dcBER UNS <\/h3>\t\t<\/div>\n\t\t\t\t<\/div>\n\t\t\t\t<div class=\"elementor-element elementor-element-c0a423a elementor-widget elementor-widget-text-editor\" data-id=\"c0a423a\" data-element_type=\"widget\" data-widget_type=\"text-editor.default\">\n\t\t\t\t<div class=\"elementor-widget-container\">\n\t\t\t\t\t\t\t<p>Wir haben es uns zur Aufgabe gemacht, das Leben von Patienten und ihren Familien zu verbessern, indem wir innovative Hautpflegetherapien f\u00fcr die Wundbehandlung entwickeln. Ziel ist es, den mit der Behandlung von Hautkrankheiten befassten Fachleuten, wirksame und gut vertr\u00e4gliche Produkte zur Verf\u00fcgung zu stellen. \u00a0Curefini-Salbe und -Creme sind das Ergebnis des langj\u00e4hrigen Engagements von REV Pharma in Forschung und Entwicklung in enger Zusammenarbeit mit weltweiten Meinungsf\u00fchrern und praktizierenden Fachleuten aus dem Gesundheitswesen.\u00a0<\/p><p>Beide Darreichungsformen wurden in der klinischen Praxis eingesetzt, wo sich die hochwirksamen Rehydratationseigenschaften bei der Behandlung einer Vielzahl von dermatologischen Erkrankungen, wie akuten und chronischen Wunden, ven\u00f6sen Stauungen, neurotrophen und arteriellen Geschw\u00fcren der unteren Extremit\u00e4ten, diabetischem Fu\u00df, Epidermolysis bullosa und anderen blasenbildenden Wunden, Verbrennungen zweiten und dritten Grades, Ekzemen, Schuppenflechte, Akne, schwerem Sonnenbrand und andere, als gut vertr\u00e4glich erwiesen haben.<\/p>\t\t\t\t\t\t<\/div>\n\t\t\t\t<\/div>\n\t\t\t\t\t<\/div>\n\t\t<\/div>\n\t\t\t\t\t<\/div>\n\t\t<\/section>\n\t\t\t\t<section class=\"elementor-section elementor-top-section elementor-element elementor-element-8c04987 elementor-section-boxed elementor-section-height-default elementor-section-height-default\" data-id=\"8c04987\" data-element_type=\"section\">\n\t\t\t\t\t\t<div class=\"elementor-container elementor-column-gap-wide\">\n\t\t\t\t\t<div class=\"elementor-column elementor-col-100 elementor-top-column elementor-element elementor-element-7de6ab2\" data-id=\"7de6ab2\" data-element_type=\"column\">\n\t\t\t<div class=\"elementor-widget-wrap elementor-element-populated\">\n\t\t\t\t\t\t<div class=\"elementor-element elementor-element-168416f elementor-widget elementor-widget-text-editor\" data-id=\"168416f\" data-element_type=\"widget\" data-widget_type=\"text-editor.default\">\n\t\t\t\t<div class=\"elementor-widget-container\">\n\t\t\t\t\t\t\t<p>Curefini-Salbe und -Creme enthalten weder Steroide noch Antibiotika. Die patentierten Formeln basieren auf einer optimalen und synergetischen Kombination von Naturprodukten, die ideale Bedingungen f\u00fcr eine nat\u00fcrliche Heilung bieten.\u00a0<\/p>\t\t\t\t\t\t<\/div>\n\t\t\t\t<\/div>\n\t\t\t\t<div class=\"elementor-element elementor-element-94c85ed elementor-widget elementor-widget-heading\" data-id=\"94c85ed\" data-element_type=\"widget\" data-widget_type=\"heading.default\">\n\t\t\t\t<div class=\"elementor-widget-container\">\n\t\t\t<h3 class=\"elementor-heading-title elementor-size-default\">CUREFINI: URSPRUNG DES NAMENS\n<\/h3>\t\t<\/div>\n\t\t\t\t<\/div>\n\t\t\t\t<div class=\"elementor-element elementor-element-08c1e16 elementor-widget elementor-widget-text-editor\" data-id=\"08c1e16\" data-element_type=\"widget\" data-widget_type=\"text-editor.default\">\n\t\t\t\t<div class=\"elementor-widget-container\">\n\t\t\t\t\t\t\t<p>Fini wurde 2011 in Argentinien geboren. Wenige Tage nach ihrer Geburt wurde bei ihr eine rezessive dystrophe Epidermolysis Bullosa (EB) diagnostiziert, eine seltene, aber sehr schwere genetische Bindegewebserkrankung. Die extrem empfindliche Haut bildet Blasen und rei\u00dft bei geringf\u00fcgigen Verletzungen oder Reibung, z. B. bei Kontakt mit Gegenst\u00e4nden, Kleidung oder sogar Ber\u00fchrung. Sie ist als \u201eSchmetterlingshaut\u201c-Krankheit bekannt, die manchmal leicht und manchmal sehr schwer verl\u00e4uft. Patienten, die daran leiden, werden oft als \u201eSchmetterlingsbabys\u201c bezeichnet.\u00a0<\/p><p>Finis Diagnose war f\u00fcr ihre Eltern und Betreuer niederschmetternd. Die \u00c4rzte empfahlen eine Vielzahl von Produkten zur Behandlung ihrer Wunden und Schmerzen, einschlie\u00dflich der Verwendung von Morphin und Opioiden insbesondere beim Verbandswechsel. Keines der Produkte, die sie zur Wundpflege verwendete, funktionierte. Die Lebensqualit\u00e4t von Fini und ihren Angeh\u00f6rigen wurde stark beeintr\u00e4chtigt.\u00a0<\/p><p>Als die F&amp;E-Wissenschaftler und Pharmazeuten von Rev Pharma von dem Fall erfuhren, begannen sie mit der Arbeit. Fini verwendet seit 2011 Curefini-Salbe zur Behandlung ihrer rezessiven dystrophen EB-Wunden.\u00a0<\/p><p>Viele EB-Patienten in aller Welt verwenden Curefini-Salbe. Ein von der DEBRA (Dystrophic Epidermolysis Bullosa Research Association) empfohlenes Produkt.<\/p>\t\t\t\t\t\t<\/div>\n\t\t\t\t<\/div>\n\t\t\t\t\t<\/div>\n\t\t<\/div>\n\t\t\t\t\t<\/div>\n\t\t<\/section>\n\t\t\t\t<\/div>\n\t\t","protected":false},"excerpt":{"rendered":"<p>\u00dcBER UNS Wir haben es uns zur Aufgabe gemacht, das Leben von Patienten und ihren Familien zu verbessern, indem wir&#8230;<\/p>\n","protected":false},"author":1,"featured_media":0,"parent":0,"menu_order":0,"comment_status":"closed","ping_status":"closed","template":"","meta":{"footnotes":"","_joinchat":[]},"_links":{"self":[{"href":"https:\/\/curefini.eu\/de\/wp-json\/wp\/v2\/pages\/4627"}],"collection":[{"href":"https:\/\/curefini.eu\/de\/wp-json\/wp\/v2\/pages"}],"about":[{"href":"https:\/\/curefini.eu\/de\/wp-json\/wp\/v2\/types\/page"}],"author":[{"embeddable":true,"href":"https:\/\/curefini.eu\/de\/wp-json\/wp\/v2\/users\/1"}],"replies":[{"embeddable":true,"href":"https:\/\/curefini.eu\/de\/wp-json\/wp\/v2\/comments?post=4627"}],"version-history":[{"count":21,"href":"https:\/\/curefini.eu\/de\/wp-json\/wp\/v2\/pages\/4627\/revisions"}],"predecessor-version":[{"id":5159,"href":"https:\/\/curefini.eu\/de\/wp-json\/wp\/v2\/pages\/4627\/revisions\/5159"}],"wp:attachment":[{"href":"https:\/\/curefini.eu\/de\/wp-json\/wp\/v2\/media?parent=4627"}],"curies":[{"name":"wp","href":"https:\/\/api.w.org\/{rel}","templated":true}]}}