{"id":4101,"date":"2021-09-09T23:52:15","date_gmt":"2021-09-09T21:52:15","guid":{"rendered":"https:\/\/curefini.eu\/avis-de-confidentialite\/"},"modified":"2021-09-10T00:09:25","modified_gmt":"2021-09-09T22:09:25","slug":"avis-de-confidentialite","status":"publish","type":"page","link":"https:\/\/curefini.eu\/fr\/avis-de-confidentialite\/","title":{"rendered":"Avis de confidentialit\u00e9"},"content":{"rendered":"\t\t<div data-elementor-type=\"wp-page\" data-elementor-id=\"4101\" class=\"elementor elementor-4101 elementor-274\" data-elementor-post-type=\"page\">\n\t\t\t\t\t\t<section class=\"elementor-section elementor-top-section elementor-element elementor-element-d92b95c elementor-section-boxed elementor-section-height-default elementor-section-height-default\" data-id=\"d92b95c\" data-element_type=\"section\">\n\t\t\t\t\t\t<div class=\"elementor-container elementor-column-gap-default\">\n\t\t\t\t\t<div class=\"elementor-column elementor-col-100 elementor-top-column elementor-element elementor-element-510a6cd\" data-id=\"510a6cd\" data-element_type=\"column\">\n\t\t\t<div class=\"elementor-widget-wrap elementor-element-populated\">\n\t\t\t\t\t\t<div class=\"elementor-element elementor-element-bf18426 elementor-widget elementor-widget-heading\" data-id=\"bf18426\" data-element_type=\"widget\" data-widget_type=\"heading.default\">\n\t\t\t\t<div class=\"elementor-widget-container\">\n\t\t\t<h2 class=\"elementor-heading-title elementor-size-default\">Avis de confidentialit\u00e9<\/h2>\t\t<\/div>\n\t\t\t\t<\/div>\n\t\t\t\t<div class=\"elementor-element elementor-element-951820f elementor-widget elementor-widget-text-editor\" data-id=\"951820f\" data-element_type=\"widget\" id=\"condiciones\" data-widget_type=\"text-editor.default\">\n\t\t\t\t<div class=\"elementor-widget-container\">\n\t\t\t\t\t\t\t<p><strong><em>Avis de confidentialit\u00e9 conform\u00e9ment au r\u00e8glement UE 2016\/679 du Parlement europ\u00e9en et du Conseil du 27 avril 2016 (r\u00e8glement g\u00e9n\u00e9ral sur la protection des donn\u00e9es personnelles &#8211; RGPD) et du d\u00e9cret l\u00e9gislatif n. 196\/2003 (Code relatif aux donn\u00e9es personnelles). <\/em><\/strong><\/p>\n<p>Cette politique de confidentialit\u00e9 est destin\u00e9e \u00e0 d\u00e9crire comment ce site est g\u00e9r\u00e9, en r\u00e9f\u00e9rence \u00e0 l\u2019utilisation de cookies et au traitement des donn\u00e9es personnelles des utilisateurs \/ visiteurs qui le consultent.<\/p>\n<p>Il s\u2019agit d\u2019un avis d\u2019information, conform\u00e9ment au r\u00e8glement 2016\/679 \/ UE (r\u00e8glement g\u00e9n\u00e9ral sur la protection des donn\u00e9es &#8211; ci-apr\u00e8s RGPD) et \u00e0 l\u2019article 122 du code relatif \u00e0 la protection des donn\u00e9es personnelles (d\u00e9cret l\u00e9gislatif 196 \/ 03, le soi-disant code de confidentialit\u00e9) et \u00e0 la disposition g\u00e9n\u00e9rale du garant du 8 mai 2014 concernant les cookies, \u00e0 ceux qui se connectent au site<\/p>\n<p>Les informations ne sont fournies que pour le site susmentionn\u00e9 (ci-apr\u00e8s \u00ab&nbsp;Site&nbsp;\u00bb ou \u00ab&nbsp;ce Site&nbsp;\u00bb) et les sous-domaines possibles connexes, mais pas pour d\u2019autres sites Web qui peuvent \u00eatre consult\u00e9s par l\u2019utilisateur via des liens appropri\u00e9s.<\/p>\n<p>R2 Healthcare Solutions garantit le respect de la l\u00e9gislation sur la protection des donn\u00e9es personnelles.<\/p>\n<p>Les utilisateurs \/ visiteurs sont invit\u00e9s \u00e0 lire attentivement cette politique de confidentialit\u00e9 avant de soumettre tout type d\u2019informations personnelles et \/ ou de remplir tout formulaire \u00e9lectronique sur le site.<\/p>\n<p><strong>Type de donn\u00e9es trait\u00e9es et finalit\u00e9 du traitement<\/strong><\/p>\n<ol>\n<li><strong> Donn\u00e9es de navigation<\/strong><\/li>\n<\/ol>\n<p>Les syst\u00e8mes informatiques et les proc\u00e9dures logicielles utilis\u00e9s pour faire fonctionner ce Site acqui\u00e8rent, en fonctionnement normal, certaines donn\u00e9es qui sont implicitement transmises lors de l\u2019utilisation des protocoles de communication Internet.<\/p>\n<p>Il s\u2019agit d\u2019informations qui ne sont pas collect\u00e9es pour \u00eatre associ\u00e9es \u00e0 des parties int\u00e9ress\u00e9es identifi\u00e9es, mais qui, de par leur nature, pourraient, \u00e9galement par le traitement de donn\u00e9es d\u00e9tenues par des tiers, permettre d\u2019identifier les utilisateurs \/ visiteurs (par exemple, l\u2019adresse IP, les noms de domaine informatiques utilis\u00e9s par les utilisateurs qui se connectent au Site, le code indiquant les donn\u00e9es d\u2019\u00e9tat de r\u00e9ponse du serveur, le type de navigateur, les indications de temps du d\u00e9but et de la fin de la session de navigation, toute identification du compte et des activit\u00e9s effectu\u00e9es sur le Site, etc.).<\/p>\n<p>Ces donn\u00e9es ne sont utilis\u00e9es qu\u2019\u00e0 titre d\u2019informations statistiques et pour v\u00e9rifier le bon fonctionnement du Site. Les donn\u00e9es elles-m\u00eames sont conserv\u00e9es pendant une dur\u00e9e maximale de six mois, sans pr\u00e9judice d\u2019un stockage ult\u00e9rieur pour toute enqu\u00eate sur des d\u00e9lits informatiques contre le Site ou pour r\u00e9pondre \u00e0 des obligations r\u00e9glementaires sp\u00e9cifiques.<\/p>\n<p>Aucune donn\u00e9e provenant du service Web ne sera divulgu\u00e9e.<\/p>\n<p><em><strong>2.Cookies<\/strong><\/em><\/p>\n<p><em>2.1 Informations g\u00e9n\u00e9rales sur les cookies<\/em><\/p>\n<p><em>Les cookies sont de petits fichiers texte que les sites Web visit\u00e9s par les utilisateurs envoient \u00e0 leurs terminaux (g\u00e9n\u00e9ralement au navigateur), o\u00f9 ils sont stock\u00e9s avant d\u2019\u00eatre retransmis aux m\u00eames sites \u00e0 chaque visite ult\u00e9rieure via le m\u00eame terminal. En outre, chaque site peut permettre la transmission des cookies c.d. \u00ab&nbsp;tiers&nbsp;\u00bb, i.<\/em> <em>e.<\/em> <em>ceux g\u00e9n\u00e9r\u00e9s par des sites Web autres que celui que l\u2019utilisateur visite (par le biais d\u2019objets pr\u00e9sents dans celui-ci tels que des banni\u00e8res, des images, des cartes, des sons, des liens sp\u00e9cifiques vers des pages Web d\u2019autres domaines).<\/em><\/p>\n<p><em>En fonction de leur dur\u00e9e, ils sont divis\u00e9s en cookies de session (c\u2019est-\u00e0-dire ceux temporaires et automatiquement supprim\u00e9s du terminal \u00e0 la fin de la session de navigation, en fermant le navigateur) et en cookies persistants (c\u2019est-\u00e0-dire ceux qui restent stock\u00e9s sur le terminal jusqu\u2019\u00e0 leur expiration ou annulation. par l\u2019utilisateur).<\/em><\/p>\n<p>Les cookies ont des finalit\u00e9s diff\u00e9rentes. Ils sont principalement utilis\u00e9s pour la transmission de la communication ou pour fournir le service demand\u00e9 par l\u2019utilisateur; plus pr\u00e9cis\u00e9ment, ils vous permettent d\u2019activer et d\u2019optimiser le fonctionnement du site Web, d\u2019effectuer l\u2019authentification informatique et de pr\u00e9venir les abus, de surveiller les sessions, d\u2019am\u00e9liorer l\u2019exp\u00e9rience de navigation des utilisateurs, par exemple en maintenant la connexion aux zones restreintes active lors de la navigation sur les pages du site sans avoir besoin de saisir \u00e0 nouveau l\u2019identifiant et le mot de passe et en m\u00e9morisant des informations sp\u00e9cifiques sur les utilisateurs eux-m\u00eames (y compris les pr\u00e9f\u00e9rences,&nbsp; type de navigateur et ordinateur utilis\u00e9).<\/p>\n<p>Les cookies susmentionn\u00e9s sont dits \u00ab techniques \u00bb (le consentement de l\u2019utilisateur n\u2019est pas requis pour leur utilisation), car sans eux certaines des op\u00e9rations susmentionn\u00e9es ne pourraient pas \u00eatre effectu\u00e9es ou seraient plus complexes et \/ ou moins s\u00e9curis\u00e9es.<\/p>\n<p>Dans le cas contraire, si les cookies sont utilis\u00e9s \u00e0 d\u2019autres fins, g\u00e9n\u00e9ralement pour l\u2019analyse comportementale et l\u2019envoi de messages publicitaires promotionnels personnalis\u00e9s (cookies dits de \u00ab&nbsp;profilage&nbsp;\u00bb) ou m\u00eame simplement pour obtenir, par le biais de services rendus par des tiers, des informations sous forme agr\u00e9g\u00e9e sur le nombre d\u2019utilisateurs et la fa\u00e7on dont ils visitent le site (appel\u00e9s \u00ab&nbsp;cookies analytiques&nbsp;\u00bb), le consentement de l\u2019utilisateur est requis. En effet, avant que ces cookies ne soient envoy\u00e9s au terminal, conform\u00e9ment \u00e0 la l\u00e9gislation en vigueur (Code de confidentialit\u00e9 et disposition g\u00e9n\u00e9rale du Garant du 8 mai 2014), lors de l\u2019acc\u00e8s \u00e0 la page d\u2019accueil ou \u00e0 une autre page du site, il est imm\u00e9diatement affich\u00e9 au premier plan une banni\u00e8re avec une premi\u00e8re information r\u00e9capitulative sur l\u2019utilisation des cookies et sur la collecte du consentement,&nbsp; que l\u2019utilisateur peut fournir en continuant \u00e0 naviguer en s\u00e9lectionnant un \u00e9l\u00e9ment sous la banni\u00e8re ou en fermant la banni\u00e8re elle-m\u00eame.<\/p>\n<p>Dans tous les cas, les cookies ne peuvent \u00eatre lus ou modifi\u00e9s que par le site Web qui les a g\u00e9n\u00e9r\u00e9s; ils ne peuvent pas \u00eatre utilis\u00e9s pour r\u00e9cup\u00e9rer des donn\u00e9es du terminal de l\u2019utilisateur et ne peuvent pas transmettre de virus informatiques. Certaines des fonctions des cookies peuvent \u00e9galement \u00eatre ex\u00e9cut\u00e9es par d\u2019autres technologies; par cons\u00e9quent, dans le contexte de cette politique de confidentialit\u00e9 Web, le terme \u00ab&nbsp;cookie&nbsp;\u00bb fait r\u00e9f\u00e9rence aux cookies et \u00e0 toutes les technologies similaires.<\/p>\n<p><em>2.2 Utilisation de cookies sur ce site<\/em><\/p>\n<p><em>Ce site peut utiliser des cookies de session et des cookies persistants. Les types de cookies directement g\u00e9n\u00e9r\u00e9s par ce site sont :<\/em><\/p>\n<ul>\n<li><em> cookies \u00ab techniques \u00bb, utilis\u00e9s pour : a) personnaliser l\u2019interface utilisateur(e.<\/em> <em>g. Pour enregistrer les pr\u00e9f\u00e9rences de l\u2019utilisateur telles que la langue, la devise, le format d\u2019affichage de la page, la zone de connexion); b) une meilleure convivialit\u00e9 du site et de son contenu audiovisuel (e.<\/em> <em>g. en ex\u00e9cutant des programmes Flash Player); c) le bon fonctionnement de la connexion (e.<\/em> <em>g.<\/em> <em>en r\u00e9pondant de mani\u00e8re appropri\u00e9e aux demandes des utilisateurs entre plusieurs serveurs)<\/em><\/li>\n<\/ul>\n<p><em>2.3 Cookies \u00ab tiers \u00bb<\/em><\/p>\n<p><em>Ce Site permet \u00e9galement la transmission au terminal de l\u2019utilisateur de cookies tiers, avec lesquels R2 Healthcare Solutions pourrait s\u2019interfacer. R2 Healthcare Solutions, en tant qu\u2019interm\u00e9diaire technique, se limite \u00e0 l\u2019envoi de ces cookies, mais ne g\u00e8re pas leur fonctionnement (elle n\u2019a donc pas de contr\u00f4le et d\u2019acc\u00e8s aux informations fournies \/ acquises) car leur fonctionnement est de la responsabilit\u00e9 de tiers. Pour ces cookies, vous pouvez acc\u00e9der aux informations et aux formulaires d\u2019acquisition de consentement de tiers en cliquant sur les liens ci-dessous. Les tiers peuvent \u00eatre, par exemple :<\/em><\/p>\n<ol>\n<li><em>a) les m\u00e9dias sociaux, qui g\u00e8rent g\u00e9n\u00e9ralement les cookies pour permettre, par le biais de plug-ins, le partage de contenu entre les membres \u00ab connect\u00e9s \u00bb du m\u00eame r\u00e9seau social. Ces sujets sont, par exemple:<\/em><\/li>\n<\/ol>\n<ul>\n<li>Facebook (en anglais)\n<ul>\n<li>Cookies : <a href=\"https:\/\/it-it.facebook.com\/policies\/cookies\/\" target=\"_blank\">https:\/\/it-it.facebook.com\/policies\/cookies\/<\/a><\/li>\n<li>Vie priv\u00e9e: <a href=\"https:\/\/it-it.facebook.com\/about\/privacy\/update\" target=\"_blank\">https:\/\/it-it.facebook.com\/about\/privacy\/update<\/a><\/li>\n<\/ul>\n<\/li>\n<li>Gazouiller\n<ul>\n<li>Cookies : <a href=\"https:\/\/help.twitter.com\/it\/rules-and-policies\/twitter-cookies\" target=\"_blank\">https:\/\/help.twitter.com\/it\/rules-and-policies\/twitter-cookies<\/a><\/li>\n<li>Vie priv\u00e9e: <a href=\"https:\/\/twitter.com\/privacy?lang=it#update\" target=\"_blank\">https:\/\/twitter.com\/privacy?lang=it#update<\/a><\/li>\n<\/ul>\n<\/li>\n<li>Google+ (en)\n<ul>\n<li>Vie priv\u00e9e : <a href=\"https:\/\/policies.google.com\/privacy\/update?hl=it&amp;gl=it\" target=\"_blank\">https:\/\/policies.google.com\/privacy\/update?hl=it&amp;gl=it<\/a><\/li>\n<\/ul>\n<\/li>\n<li>SlideShare\n<ul>\n<li>Cookies : <a href=\"https:\/\/www.linkedin.com\/legal\/cookie-policy\" target=\"_blank\">https:\/\/www.linkedin.com\/legal\/cookie-policy<\/a><\/li>\n<li>Vie priv\u00e9e: <a href=\"https:\/\/www.linkedin.com\/legal\/privacy-policy\" target=\"_blank\">https:\/\/www.linkedin.com\/legal\/privacy-policy<\/a><\/li>\n<\/ul>\n<\/li>\n<li>LinkedIn (en)\n<ul>\n<li>Cookies : <a href=\"https:\/\/www.linkedin.com\/legal\/cookie-policy\" target=\"_blank\">https:\/\/www.linkedin.com\/legal\/cookie-policy<\/a><\/li>\n<li>Vie priv\u00e9e: <a href=\"https:\/\/www.linkedin.com\/legal\/privacy-policy\" target=\"_blank\">https:\/\/www.linkedin.com\/legal\/privacy-policy<\/a><\/li>\n<\/ul>\n<\/li>\n<li>Sur Flickr\n<ul>\n<li>Vie priv\u00e9e : <a href=\"https:\/\/policies.yahoo.com\/ie\/it\/yahoo\/privacy\/products\/flickr\/index.htm\" target=\"_blank\">https:\/\/policies.yahoo.com\/ie\/it\/yahoo\/privacy\/products\/flickr\/index.htm<\/a><\/li>\n<\/ul>\n<\/li>\n<li>Youtube\n<ul>\n<li>Vie priv\u00e9e : <a href=\"https:\/\/policies.google.com\/privacy\/update?hl=it&amp;gl=it\" target=\"_blank\">https:\/\/policies.google.com\/privacy\/update?hl=it&amp;gl=it<\/a><\/li>\n<\/ul>\n<\/li>\n<li>Instagram (en)\n<ul>\n<li>Vie priv\u00e9e: <a href=\"https:\/\/help.instagram.com\/519522125107875\" target=\"_blank\">https:\/\/help.instagram.com\/519522125107875<\/a><\/li>\n<\/ul>\n<\/li>\n<\/ul>\n<ol>\n<li>b) les sujets dont R2 Healthcare Solutions pourrait utiliser les services pour collecter des informations agr\u00e9g\u00e9es \/ statistiques sur les utilisateurs qui visitent ce Site. Par exemple, le service Google Analytics (<a href=\"https:\/\/policies.google.com\/privacy\/update?hl=it&amp;gl=it\" target=\"_blank\" style=\"\">https:\/\/policies.google.com\/privacy\/update?hl=it&amp;gl=it<\/a> ) fourni par la soci\u00e9t\u00e9 Google.<\/li>\n<\/ol>\n<p><em>2.4 Gestion des choix de cookies<\/em><\/p>\n<p><em>Les cookies peuvent \u00eatre g\u00e9r\u00e9s par l\u2019utilisateur via son navigateur.<\/em><\/p>\n<p><em>L\u2019utilisateur peut g\u00e9rer ses pr\u00e9f\u00e9rences en mati\u00e8re de cookies gr\u00e2ce aux fonctionnalit\u00e9s pr\u00e9sentes dans les navigateurs courants (Internet Explorer, Mozilla Firefox, Google Crome, Apple Safari), qui vous permettent de supprimer \/ supprimer les cookies (tout ou partie) ou de modifier les param\u00e8tres du navigateur lui-m\u00eame afin de bloquer l\u2019envoi de cookies ou de le limiter \u00e0 des sites sp\u00e9cifiques (par rapport \u00e0 d\u2019autres). Il est possible de savoir comment configurer les param\u00e8tres du navigateur (g\u00e9n\u00e9ralement accessibles \u00e0 partir de la barre \u00ab&nbsp;Outils&nbsp;\u00bb) en allant sur les pages Web \u00ab&nbsp;Support&nbsp;\u00bb des fournisseurs des navigateurs susmentionn\u00e9s (\u00e9galement identifiables via un moteur de recherche commun).<\/em><\/p>\n<p><em>La d\u00e9sactivation des cookies n\u2019emp\u00eache pas en soi l\u2019utilisation des services du site Web; si, cependant, tous les cookies sont supprim\u00e9s \/ bloqu\u00e9s, y compris les techniques, certaines op\u00e9rations ne pourraient pas \u00eatre effectu\u00e9es ou seraient plus complexes et \/ ou moins s\u00e9curis\u00e9es, comme, par exemple, pour l\u2019ex\u00e9cution d\u2019activit\u00e9s dans les zones r\u00e9serv\u00e9es du site (En fait, les cookies permettent d\u2019identifier l\u2019utilisateur et de le maintenir pendant la session).<\/em><\/p>\n<ol start=\"3\">\n<li><em><strong> Donn\u00e9es fournies volontairement par les utilisateurs \/ visiteurs<\/strong><\/em><\/li>\n<\/ol>\n<p><em>Si les utilisateurs \/ visiteurs, se connectant \u00e0 ce site, envoient leurs donn\u00e9es personnelles, cela implique l\u2019acquisition par R2 Healthcare Solutions de l\u2019adresse de l\u2019exp\u00e9diteur et \/ ou de toute autre donn\u00e9e personnelle qui sera trait\u00e9e exclusivement pour les activit\u00e9s propos\u00e9es par le site.<\/em><\/p>\n<p><em>Les donn\u00e9es personnelles fournies par les utilisateurs \/ visiteurs ne seront divulgu\u00e9es \u00e0 des tiers que si la communication est n\u00e9cessaire pour r\u00e9pondre aux demandes des utilisateurs \/ visiteurs eux-m\u00eames.<\/em><\/p>\n<ol start=\"4\">\n<li><strong><em> M\u00e9thodes de traitement<\/em><\/strong><\/li>\n<\/ol>\n<p>Le traitement est effectu\u00e9 par le biais d\u2019outils informatiques et t\u00e9l\u00e9matiques et \/ ou manuellement (e. g. sur papier) pendant le temps strictement n\u00e9cessaire \u00e0 la r\u00e9alisation des finalit\u00e9s pour lesquelles les donn\u00e9es ont \u00e9t\u00e9 collect\u00e9es et en tout \u00e9tat de cause, dans le respect de la r\u00e9glementation en vigueur en la mati\u00e8re.<\/p>\n<ol start=\"5\">\n<li><strong><em> Fourniture facultative de donn\u00e9es<\/em><\/strong><\/li>\n<\/ol>\n<p>En dehors de ce qui est sp\u00e9cifi\u00e9 pour les donn\u00e9es de navigation, les utilisateurs \/ visiteurs sont libres de fournir leurs donn\u00e9es personnelles. Le d\u00e9faut de les fournir ne peut qu\u2019entra\u00eener l\u2019impossibilit\u00e9 d\u2019obtenir ce qui est demand\u00e9.<\/p>\n<p><em>6.Propri\u00e9taire, d\u00e9l\u00e9gu\u00e9 \u00e0 la protection des donn\u00e9es et cat\u00e9gories de personnes autoris\u00e9es \u00e0 traiter les donn\u00e9es dans R2 Healthcare Solutions.<\/em><\/p>\n<p>Le responsable du traitement est R2 Healthcare Solutions S.r.l., dont le si\u00e8ge social est situ\u00e9 \u00e0 Rome, Viale Giorgio Ribotta n. 21-00144<\/p>\n<p>R2 Healthcare Solutions a nomm\u00e9 un d\u00e9l\u00e9gu\u00e9 \u00e0 la protection des donn\u00e9es, en la personne de &#8230; .. et qui peut \u00eatre contact\u00e9 en envoyant un e-mail \u00e0 l\u2019adresse e-mail suivante :<\/p>\n<p>La liste mise \u00e0 jour des coordonn\u00e9es du d\u00e9l\u00e9gu\u00e9 \u00e0 la protection des donn\u00e9es est disponible sur le site Web https:\/\/curefini.com.<\/p>\n<ol start=\"7\">\n<li><strong><em> Droits des parties int\u00e9ress\u00e9es<\/em><\/strong><\/li>\n<\/ol>\n<p>Les utilisateurs \/ visiteurs ont le droit d\u2019acc\u00e9der \u00e0 tout moment aux donn\u00e9es les concernant et d\u2019exercer les autres droits pr\u00e9vus (e. g. demander l\u2019origine des donn\u00e9es, la correction des donn\u00e9es inexactes ou incompl\u00e8tes, la limitation du traitement, l\u2019annulation ou l\u2019oubli, la portabilit\u00e9 des donn\u00e9es, ainsi que s\u2019opposer \u00e0 leur utilisation pour des raisons l\u00e9gitimes), en contactant R2 Healthcare Solutions Srl.<\/p>\t\t\t\t\t\t<\/div>\n\t\t\t\t<\/div>\n\t\t\t\t\t<\/div>\n\t\t<\/div>\n\t\t\t\t\t<\/div>\n\t\t<\/section>\n\t\t\t\t<\/div>\n\t\t","protected":false},"excerpt":{"rendered":"<p>Avis de confidentialit\u00e9 Avis de confidentialit\u00e9 conform\u00e9ment au r\u00e8glement UE 2016\/679 du Parlement europ\u00e9en et du Conseil du 27 avril&#8230;<\/p>\n","protected":false},"author":1,"featured_media":0,"parent":0,"menu_order":0,"comment_status":"closed","ping_status":"closed","template":"","meta":{"footnotes":"","_joinchat":[]},"_links":{"self":[{"href":"https:\/\/curefini.eu\/fr\/wp-json\/wp\/v2\/pages\/4101"}],"collection":[{"href":"https:\/\/curefini.eu\/fr\/wp-json\/wp\/v2\/pages"}],"about":[{"href":"https:\/\/curefini.eu\/fr\/wp-json\/wp\/v2\/types\/page"}],"author":[{"embeddable":true,"href":"https:\/\/curefini.eu\/fr\/wp-json\/wp\/v2\/users\/1"}],"replies":[{"embeddable":true,"href":"https:\/\/curefini.eu\/fr\/wp-json\/wp\/v2\/comments?post=4101"}],"version-history":[{"count":5,"href":"https:\/\/curefini.eu\/fr\/wp-json\/wp\/v2\/pages\/4101\/revisions"}],"predecessor-version":[{"id":4115,"href":"https:\/\/curefini.eu\/fr\/wp-json\/wp\/v2\/pages\/4101\/revisions\/4115"}],"wp:attachment":[{"href":"https:\/\/curefini.eu\/fr\/wp-json\/wp\/v2\/media?parent=4101"}],"curies":[{"name":"wp","href":"https:\/\/api.w.org\/{rel}","templated":true}]}}