{"id":4622,"date":"2021-09-13T14:32:10","date_gmt":"2021-09-13T12:32:10","guid":{"rendered":"https:\/\/curefini.eu\/nous\/"},"modified":"2021-10-26T22:30:52","modified_gmt":"2021-10-26T20:30:52","slug":"nous","status":"publish","type":"page","link":"https:\/\/curefini.eu\/fr\/nous\/","title":{"rendered":"Nous"},"content":{"rendered":"\t\t<div data-elementor-type=\"wp-page\" data-elementor-id=\"4622\" class=\"elementor elementor-4622 elementor-387\" data-elementor-post-type=\"page\">\n\t\t\t\t\t\t<section class=\"elementor-section elementor-top-section elementor-element elementor-element-44dee3e elementor-section-boxed elementor-section-height-default elementor-section-height-default\" data-id=\"44dee3e\" data-element_type=\"section\">\n\t\t\t\t\t\t<div class=\"elementor-container elementor-column-gap-wide\">\n\t\t\t\t\t<div class=\"elementor-column elementor-col-50 elementor-top-column elementor-element elementor-element-b4f9f3c\" data-id=\"b4f9f3c\" data-element_type=\"column\">\n\t\t\t<div class=\"elementor-widget-wrap elementor-element-populated\">\n\t\t\t\t\t\t<div class=\"elementor-element elementor-element-6abcad3 elementor-widget elementor-widget-image\" data-id=\"6abcad3\" data-element_type=\"widget\" data-widget_type=\"image.default\">\n\t\t\t\t<div class=\"elementor-widget-container\">\n\t\t\t\t\t\t\t\t\t\t\t\t\t<img fetchpriority=\"high\" decoding=\"async\" width=\"1200\" height=\"744\" src=\"https:\/\/curefini.eu\/wp-content\/uploads\/curefini-nosotros.jpg\" class=\"attachment-large size-large wp-image-4623\" alt=\"\" srcset=\"https:\/\/curefini.eu\/wp-content\/uploads\/curefini-nosotros.jpg 1200w, https:\/\/curefini.eu\/wp-content\/uploads\/curefini-nosotros-800x496.jpg 800w, https:\/\/curefini.eu\/wp-content\/uploads\/curefini-nosotros-768x476.jpg 768w, https:\/\/curefini.eu\/wp-content\/uploads\/curefini-nosotros-370x229.jpg 370w, https:\/\/curefini.eu\/wp-content\/uploads\/curefini-nosotros-600x372.jpg 600w\" sizes=\"(max-width: 1200px) 100vw, 1200px\" \/>\t\t\t\t\t\t\t\t\t\t\t\t\t<\/div>\n\t\t\t\t<\/div>\n\t\t\t\t\t<\/div>\n\t\t<\/div>\n\t\t\t\t<div class=\"elementor-column elementor-col-50 elementor-top-column elementor-element elementor-element-5406194\" data-id=\"5406194\" data-element_type=\"column\">\n\t\t\t<div class=\"elementor-widget-wrap elementor-element-populated\">\n\t\t\t\t\t\t<div class=\"elementor-element elementor-element-11a384f elementor-widget elementor-widget-heading\" data-id=\"11a384f\" data-element_type=\"widget\" data-widget_type=\"heading.default\">\n\t\t\t\t<div class=\"elementor-widget-container\">\n\t\t\t<h3 class=\"elementor-heading-title elementor-size-default\">Nous<\/h3>\t\t<\/div>\n\t\t\t\t<\/div>\n\t\t\t\t<div class=\"elementor-element elementor-element-c0a423a elementor-widget elementor-widget-text-editor\" data-id=\"c0a423a\" data-element_type=\"widget\" data-widget_type=\"text-editor.default\">\n\t\t\t\t<div class=\"elementor-widget-container\">\n\t\t\t\t\t\t\t<p>Notre mission est d\u2019am\u00e9liorer la vie des patients et de leurs familles en d\u00e9veloppant des th\u00e9rapies innovantes pour les soins de la peau, dans la gestion des plaies. L\u2019objectif est de fournir aux professionnels de la sant\u00e9 impliqu\u00e9s dans le traitement des affections dermatologiques des produits efficaces et bien tol\u00e9r\u00e9s. \u00a0L&#8217;onguent et la cr\u00e8me Curefini sont le r\u00e9sultat des nombreuses ann\u00e9es d\u2019engagement de REV Pharma dans la recherche et le d\u00e9veloppement, en \u00e9troite collaboration avec des leaders d\u2019opinion mondiaux et les professionnels de sant\u00e9 en exercice.\u00a0<\/p><p>Les deux pr\u00e9sentations ont \u00e9t\u00e9 utilis\u00e9es dans des contextes cliniques o\u00f9 les propri\u00e9t\u00e9s de r\u00e9hydratation hautement efficaces se sont av\u00e9r\u00e9es bien tol\u00e9r\u00e9es dans le traitement d\u2019un large \u00e9ventail d\u2019affections dermatologiques telles que les plaies aigu\u00ebs et chroniques, la stase veineuse, les ulc\u00e8res neurotropes et art\u00e9riels des membres inf\u00e9rieurs, pied diab\u00e9tique, l\u2019\u00e9pidermolyse bulleuse et autres plaies v\u00e9siculeuses, \u00a0br\u00fblures du deuxi\u00e8me et du troisi\u00e8me degr\u00e9, l\u2019ecz\u00e9ma, le psoriasis, l\u2019acn\u00e9, coups de soleil graves et autres.<\/p>\t\t\t\t\t\t<\/div>\n\t\t\t\t<\/div>\n\t\t\t\t\t<\/div>\n\t\t<\/div>\n\t\t\t\t\t<\/div>\n\t\t<\/section>\n\t\t\t\t<section class=\"elementor-section elementor-top-section elementor-element elementor-element-8c04987 elementor-section-boxed elementor-section-height-default elementor-section-height-default\" data-id=\"8c04987\" data-element_type=\"section\">\n\t\t\t\t\t\t<div class=\"elementor-container elementor-column-gap-wide\">\n\t\t\t\t\t<div class=\"elementor-column elementor-col-100 elementor-top-column elementor-element elementor-element-7de6ab2\" data-id=\"7de6ab2\" data-element_type=\"column\">\n\t\t\t<div class=\"elementor-widget-wrap elementor-element-populated\">\n\t\t\t\t\t\t<div class=\"elementor-element elementor-element-168416f elementor-widget elementor-widget-text-editor\" data-id=\"168416f\" data-element_type=\"widget\" data-widget_type=\"text-editor.default\">\n\t\t\t\t<div class=\"elementor-widget-container\">\n\t\t\t\t\t\t\t<p><span style=\"font-weight: 400;\">La pommade et la cr\u00e8me Curefini ne contiennent ni st\u00e9ro\u00efdes ni antibiotiques. Ses formules brevet\u00e9es sont bas\u00e9es sur une combinaison optimale et synergique de produits naturels qui offrent des conditions id\u00e9ales pour une gu\u00e9rison naturelle.\u00a0<\/span><\/p>\t\t\t\t\t\t<\/div>\n\t\t\t\t<\/div>\n\t\t\t\t<div class=\"elementor-element elementor-element-94c85ed elementor-widget elementor-widget-heading\" data-id=\"94c85ed\" data-element_type=\"widget\" data-widget_type=\"heading.default\">\n\t\t\t\t<div class=\"elementor-widget-container\">\n\t\t\t<h3 class=\"elementor-heading-title elementor-size-default\">Curefini: les origines du nom.<\/h3>\t\t<\/div>\n\t\t\t\t<\/div>\n\t\t\t\t<div class=\"elementor-element elementor-element-08c1e16 elementor-widget elementor-widget-text-editor\" data-id=\"08c1e16\" data-element_type=\"widget\" data-widget_type=\"text-editor.default\">\n\t\t\t\t<div class=\"elementor-widget-container\">\n\t\t\t\t\t\t\t<p>Fini est n\u00e9 en Argentine en 2011. Quelques jours apr\u00e8s sa naissance, on lui a diagnostiqu\u00e9 une \u00e9pidermolyse bulleuse dystrophique r\u00e9cessive (EB), une maladie g\u00e9n\u00e9tique rare mais tr\u00e8s grave du tissu conjonctif. Des cloques et des d\u00e9chirures cutan\u00e9es extr\u00eamement fragiles avec des traumatismes ou des frottements mineurs tels qu&#8217;un contact avec un objet, un v\u00eatement ou m\u00eame le toucher. Elle est connue sous le nom de maladie de la \u00ab\u00a0peau de papillon\u00a0\u00bb, parfois c&#8217;est doux et d&#8217;autres fois c&#8217;est tr\u00e8s grave. Les patients atteints sont souvent appel\u00e9s \u00ab\u00a0b\u00e9b\u00e9s papillons\u00a0\u00bb.\u00a0<\/p><p>Le diagnostic de Fini a \u00e9t\u00e9 d\u00e9vastateur pour ses parents et ses soignants. Les m\u00e9decins ont recommand\u00e9 une grande vari\u00e9t\u00e9 de produits pour traiter ses plaies et ses douleurs, notamment l&#8217;utilisation de morphine et d&#8217;opio\u00efdes notamment lors du changement de pansement. Aucun \u00a0produit utilis\u00e9s dans son r\u00e9gime de soins des plaies n\u2019a fonctionn\u00e9. La qualit\u00e9 de vie de Fini et celle de ses proches en ont beaucoup souffert.<\/p><p>Lorsque le scientifique R&amp;D et les pharmaciens de Rev Pharma ont d\u00e9couvert l&#8217;affaire, ils ont commenc\u00e9 \u00e0 travailler. Fini utilise la pommade Curefini pour traiter ses plaies d\u2019EB dystrophique r\u00e9cessive depuis 2011.\u00a0<\/p><p>De nombreux patients atteints d\u2019EB dans le monde entier utilisent la pommade Curefini. Un produit recommand\u00e9 par DEBRA (Dystrophic Epidermolysis Bullosa Research Association).<\/p>\t\t\t\t\t\t<\/div>\n\t\t\t\t<\/div>\n\t\t\t\t\t<\/div>\n\t\t<\/div>\n\t\t\t\t\t<\/div>\n\t\t<\/section>\n\t\t\t\t<\/div>\n\t\t","protected":false},"excerpt":{"rendered":"<p>Nous Notre mission est d\u2019am\u00e9liorer la vie des patients et de leurs familles en d\u00e9veloppant des th\u00e9rapies innovantes pour les&#8230;<\/p>\n","protected":false},"author":1,"featured_media":0,"parent":0,"menu_order":0,"comment_status":"closed","ping_status":"closed","template":"","meta":{"footnotes":"","_joinchat":[]},"_links":{"self":[{"href":"https:\/\/curefini.eu\/fr\/wp-json\/wp\/v2\/pages\/4622"}],"collection":[{"href":"https:\/\/curefini.eu\/fr\/wp-json\/wp\/v2\/pages"}],"about":[{"href":"https:\/\/curefini.eu\/fr\/wp-json\/wp\/v2\/types\/page"}],"author":[{"embeddable":true,"href":"https:\/\/curefini.eu\/fr\/wp-json\/wp\/v2\/users\/1"}],"replies":[{"embeddable":true,"href":"https:\/\/curefini.eu\/fr\/wp-json\/wp\/v2\/comments?post=4622"}],"version-history":[{"count":28,"href":"https:\/\/curefini.eu\/fr\/wp-json\/wp\/v2\/pages\/4622\/revisions"}],"predecessor-version":[{"id":5186,"href":"https:\/\/curefini.eu\/fr\/wp-json\/wp\/v2\/pages\/4622\/revisions\/5186"}],"wp:attachment":[{"href":"https:\/\/curefini.eu\/fr\/wp-json\/wp\/v2\/media?parent=4622"}],"curies":[{"name":"wp","href":"https:\/\/api.w.org\/{rel}","templated":true}]}}