{"id":5587,"date":"2022-04-28T00:27:40","date_gmt":"2022-04-27T22:27:40","guid":{"rendered":"https:\/\/curefini.eu\/votre-message-a-ete-envoye-merci\/"},"modified":"2022-04-28T00:29:17","modified_gmt":"2022-04-27T22:29:17","slug":"votre-message-a-ete-envoye-merci","status":"publish","type":"page","link":"https:\/\/curefini.eu\/fr\/votre-message-a-ete-envoye-merci\/","title":{"rendered":"Votre message a \u00e9t\u00e9 envoy\u00e9! Merci."},"content":{"rendered":"\t\t<div data-elementor-type=\"wp-page\" data-elementor-id=\"5587\" class=\"elementor elementor-5587 elementor-5560\" data-elementor-post-type=\"page\">\n\t\t\t\t\t\t<section class=\"elementor-section elementor-top-section elementor-element elementor-element-46d5663 elementor-section-boxed elementor-section-height-default elementor-section-height-default\" data-id=\"46d5663\" data-element_type=\"section\">\n\t\t\t\t\t\t<div class=\"elementor-container elementor-column-gap-default\">\n\t\t\t\t\t<div class=\"elementor-column elementor-col-100 elementor-top-column elementor-element elementor-element-ec14ad3\" data-id=\"ec14ad3\" data-element_type=\"column\">\n\t\t\t<div class=\"elementor-widget-wrap elementor-element-populated\">\n\t\t\t\t\t\t<div class=\"elementor-element elementor-element-367b653 elementor-widget elementor-widget-heading\" data-id=\"367b653\" data-element_type=\"widget\" data-widget_type=\"heading.default\">\n\t\t\t\t<div class=\"elementor-widget-container\">\n\t\t\t<h2 class=\"elementor-heading-title elementor-size-default\">Votre message a \u00e9t\u00e9 envoy\u00e9!<\/h2>\t\t<\/div>\n\t\t\t\t<\/div>\n\t\t\t\t<div class=\"elementor-element elementor-element-189183a elementor-widget elementor-widget-heading\" data-id=\"189183a\" data-element_type=\"widget\" data-widget_type=\"heading.default\">\n\t\t\t\t<div class=\"elementor-widget-container\">\n\t\t\t<h2 class=\"elementor-heading-title elementor-size-default\">Merci.<\/h2>\t\t<\/div>\n\t\t\t\t<\/div>\n\t\t\t\t\t<\/div>\n\t\t<\/div>\n\t\t\t\t\t<\/div>\n\t\t<\/section>\n\t\t\t\t<\/div>\n\t\t","protected":false},"excerpt":{"rendered":"<p>Votre message a \u00e9t\u00e9 envoy\u00e9! Merci.<\/p>\n","protected":false},"author":1,"featured_media":0,"parent":0,"menu_order":0,"comment_status":"closed","ping_status":"closed","template":"","meta":{"footnotes":"","_joinchat":[]},"_links":{"self":[{"href":"https:\/\/curefini.eu\/fr\/wp-json\/wp\/v2\/pages\/5587"}],"collection":[{"href":"https:\/\/curefini.eu\/fr\/wp-json\/wp\/v2\/pages"}],"about":[{"href":"https:\/\/curefini.eu\/fr\/wp-json\/wp\/v2\/types\/page"}],"author":[{"embeddable":true,"href":"https:\/\/curefini.eu\/fr\/wp-json\/wp\/v2\/users\/1"}],"replies":[{"embeddable":true,"href":"https:\/\/curefini.eu\/fr\/wp-json\/wp\/v2\/comments?post=5587"}],"version-history":[{"count":2,"href":"https:\/\/curefini.eu\/fr\/wp-json\/wp\/v2\/pages\/5587\/revisions"}],"predecessor-version":[{"id":5589,"href":"https:\/\/curefini.eu\/fr\/wp-json\/wp\/v2\/pages\/5587\/revisions\/5589"}],"wp:attachment":[{"href":"https:\/\/curefini.eu\/fr\/wp-json\/wp\/v2\/media?parent=5587"}],"curies":[{"name":"wp","href":"https:\/\/api.w.org\/{rel}","templated":true}]}}