{"id":3881,"date":"2021-07-23T23:28:06","date_gmt":"2021-09-08T16:15:55","guid":{"rendered":"https:\/\/curefini.eu\/prod\/creme-curefini\/"},"modified":"2022-06-06T01:16:08","modified_gmt":"2022-06-05T23:16:08","slug":"creme-curefini","status":"publish","type":"product","link":"https:\/\/curefini.eu\/fr\/prod\/creme-curefini\/","title":{"rendered":"Cr\u00e8me Curefini"},"content":{"rendered":"\t\t<div data-elementor-type=\"section\" data-elementor-id=\"3927\" class=\"elementor elementor-3927 elementor-2214\" data-elementor-post-type=\"elementor_library\">\n\t\t\t\t\t<section class=\"elementor-section elementor-top-section elementor-element elementor-element-9449bda elementor-section-boxed elementor-section-height-default elementor-section-height-default\" data-id=\"9449bda\" data-element_type=\"section\">\n\t\t\t\t\t\t<div class=\"elementor-container elementor-column-gap-default\">\n\t\t\t\t\t<div class=\"elementor-column elementor-col-100 elementor-top-column elementor-element elementor-element-96c00b8\" data-id=\"96c00b8\" data-element_type=\"column\">\n\t\t\t<div class=\"elementor-widget-wrap elementor-element-populated\">\n\t\t\t\t\t\t<section class=\"elementor-section elementor-inner-section elementor-element elementor-element-591361a elementor-section-boxed elementor-section-height-default elementor-section-height-default\" data-id=\"591361a\" data-element_type=\"section\">\n\t\t\t\t\t\t<div class=\"elementor-container elementor-column-gap-default\">\n\t\t\t\t\t<div class=\"elementor-column elementor-col-33 elementor-inner-column elementor-element elementor-element-6d6d0c5\" data-id=\"6d6d0c5\" data-element_type=\"column\">\n\t\t\t<div class=\"elementor-widget-wrap elementor-element-populated\">\n\t\t\t\t\t\t<div class=\"elementor-element elementor-element-695942b elementor-widget elementor-widget-text-editor\" data-id=\"695942b\" data-element_type=\"widget\" data-widget_type=\"text-editor.default\">\n\t\t\t\t<div class=\"elementor-widget-container\">\n\t\t\t\t\t\t\t<p><img decoding=\"async\" class=\"size-full wp-image-1666 alignleft\" style=\"margin-right: 0px;\" src=\"https:\/\/curefini.eu\/wp-content\/uploads\/icono-frasco-2.svg\" alt=\"\" width=\"38\" height=\"38\">Test\u00e9 cliniquement<\/p>\n\t\t\t\t\t\t<\/div>\n\t\t\t\t<\/div>\n\t\t\t\t\t<\/div>\n\t\t<\/div>\n\t\t\t\t<div class=\"elementor-column elementor-col-33 elementor-inner-column elementor-element elementor-element-1cc73a3\" data-id=\"1cc73a3\" data-element_type=\"column\">\n\t\t\t<div class=\"elementor-widget-wrap elementor-element-populated\">\n\t\t\t\t\t\t<div class=\"elementor-element elementor-element-5c58b65 elementor-widget elementor-widget-text-editor\" data-id=\"5c58b65\" data-element_type=\"widget\" data-widget_type=\"text-editor.default\">\n\t\t\t\t<div class=\"elementor-widget-container\">\n\t\t\t\t\t\t\t<p><img decoding=\"async\" class=\"size-full wp-image-1666 alignleft\" style=\"margin-right: 5px;\" src=\"https:\/\/curefini.eu\/wp-content\/uploads\/icono-ingredientes.svg\" alt=\"\" width=\"35\" height=\"35\">Ingr\u00e9dients 100% naturels<\/p>\n\t\t\t\t\t\t<\/div>\n\t\t\t\t<\/div>\n\t\t\t\t\t<\/div>\n\t\t<\/div>\n\t\t\t\t<div class=\"elementor-column elementor-col-33 elementor-inner-column elementor-element elementor-element-0d3d369\" data-id=\"0d3d369\" data-element_type=\"column\">\n\t\t\t<div class=\"elementor-widget-wrap elementor-element-populated\">\n\t\t\t\t\t\t<div class=\"elementor-element elementor-element-76e07e4 elementor-widget elementor-widget-text-editor\" data-id=\"76e07e4\" data-element_type=\"widget\" data-widget_type=\"text-editor.default\">\n\t\t\t\t<div class=\"elementor-widget-container\">\n\t\t\t\t\t\t\t<p><img decoding=\"async\" class=\"size-full wp-image-1666 alignleft\" style=\"margin-right: 5px;\" src=\"https:\/\/curefini.eu\/wp-content\/uploads\/icono-paciente.svg\" alt=\"\" width=\"35\" height=\"35\">Hypoallerg\u00e9nique<\/p>\n\t\t\t\t\t\t<\/div>\n\t\t\t\t<\/div>\n\t\t\t\t\t<\/div>\n\t\t<\/div>\n\t\t\t\t\t<\/div>\n\t\t<\/section>\n\t\t\t\t<section class=\"elementor-section elementor-inner-section elementor-element elementor-element-6624cb7 elementor-section-boxed elementor-section-height-default elementor-section-height-default\" data-id=\"6624cb7\" data-element_type=\"section\">\n\t\t\t\t\t\t<div class=\"elementor-container elementor-column-gap-default\">\n\t\t\t\t\t<div class=\"elementor-column elementor-col-33 elementor-inner-column elementor-element elementor-element-ac6f48c\" data-id=\"ac6f48c\" data-element_type=\"column\">\n\t\t\t<div class=\"elementor-widget-wrap elementor-element-populated\">\n\t\t\t\t\t\t<div class=\"elementor-element elementor-element-0ed01f8 elementor-widget elementor-widget-text-editor\" data-id=\"0ed01f8\" data-element_type=\"widget\" data-widget_type=\"text-editor.default\">\n\t\t\t\t<div class=\"elementor-widget-container\">\n\t\t\t\t\t\t\t<p><img loading=\"lazy\" decoding=\"async\" class=\"size-full wp-image-1666 alignleft\" style=\"margin-right: 5px;\" src=\"https:\/\/curefini.eu\/wp-content\/uploads\/icono-corazon.svg\" alt=\"\" width=\"35\" height=\"35\">Bonne tol\u00e9rance<\/p>\n\t\t\t\t\t\t<\/div>\n\t\t\t\t<\/div>\n\t\t\t\t\t<\/div>\n\t\t<\/div>\n\t\t\t\t<div class=\"elementor-column elementor-col-33 elementor-inner-column elementor-element elementor-element-75dce3a\" data-id=\"75dce3a\" data-element_type=\"column\">\n\t\t\t<div class=\"elementor-widget-wrap elementor-element-populated\">\n\t\t\t\t\t\t<div class=\"elementor-element elementor-element-43722e7 elementor-widget elementor-widget-text-editor\" data-id=\"43722e7\" data-element_type=\"widget\" data-widget_type=\"text-editor.default\">\n\t\t\t\t<div class=\"elementor-widget-container\">\n\t\t\t\t\t\t\t<p><img loading=\"lazy\" decoding=\"async\" class=\"size-full wp-image-1666 alignleft\" style=\"margin-right: 10px;\" src=\"https:\/\/curefini.eu\/wp-content\/uploads\/icono-jeringa.svg\" alt=\"\" width=\"30\" height=\"30\">Sans cortico\u00efdes<\/p>\n\t\t\t\t\t\t<\/div>\n\t\t\t\t<\/div>\n\t\t\t\t\t<\/div>\n\t\t<\/div>\n\t\t\t\t<div class=\"elementor-column elementor-col-33 elementor-inner-column elementor-element elementor-element-93aabf4\" data-id=\"93aabf4\" data-element_type=\"column\">\n\t\t\t<div class=\"elementor-widget-wrap elementor-element-populated\">\n\t\t\t\t\t\t<div class=\"elementor-element elementor-element-dee5341 elementor-widget elementor-widget-text-editor\" data-id=\"dee5341\" data-element_type=\"widget\" data-widget_type=\"text-editor.default\">\n\t\t\t\t<div class=\"elementor-widget-container\">\n\t\t\t\t\t\t\t<p><img loading=\"lazy\" decoding=\"async\" class=\"size-full wp-image-1666 alignleft\" style=\"margin-right: 10px;\" src=\"https:\/\/curefini.eu\/wp-content\/uploads\/icono-pastillas.svg\" alt=\"\" width=\"30\" height=\"30\">Sans antibiotiques<\/p>\n\t\t\t\t\t\t<\/div>\n\t\t\t\t<\/div>\n\t\t\t\t\t<\/div>\n\t\t<\/div>\n\t\t\t\t\t<\/div>\n\t\t<\/section>\n\t\t\t\t\t<\/div>\n\t\t<\/div>\n\t\t\t\t\t<\/div>\n\t\t<\/section>\n\t\t\t\t<\/div>\n\t\t\n","protected":false},"excerpt":{"rendered":"<p>Bien tol\u00e9r\u00e9 dans la dermatite atopique, l&#8217;acn\u00e9 et les d\u00e9mangeaisons.<\/p>\n<p><span style=\"color: #003c71;\">Puissante action anti-prurigineuse et hydratante.<\/span><\/p>\n","protected":false},"featured_media":3882,"comment_status":"closed","ping_status":"closed","template":"","meta":{"_joinchat":[]},"product_cat":[84],"product_tag":[],"_links":{"self":[{"href":"https:\/\/curefini.eu\/fr\/wp-json\/wp\/v2\/product\/3881"}],"collection":[{"href":"https:\/\/curefini.eu\/fr\/wp-json\/wp\/v2\/product"}],"about":[{"href":"https:\/\/curefini.eu\/fr\/wp-json\/wp\/v2\/types\/product"}],"replies":[{"embeddable":true,"href":"https:\/\/curefini.eu\/fr\/wp-json\/wp\/v2\/comments?post=3881"}],"version-history":[{"count":1,"href":"https:\/\/curefini.eu\/fr\/wp-json\/wp\/v2\/product\/3881\/revisions"}],"predecessor-version":[{"id":3885,"href":"https:\/\/curefini.eu\/fr\/wp-json\/wp\/v2\/product\/3881\/revisions\/3885"}],"wp:featuredmedia":[{"embeddable":true,"href":"https:\/\/curefini.eu\/fr\/wp-json\/wp\/v2\/media\/3882"}],"wp:attachment":[{"href":"https:\/\/curefini.eu\/fr\/wp-json\/wp\/v2\/media?parent=3881"}],"wp:term":[{"taxonomy":"product_cat","embeddable":true,"href":"https:\/\/curefini.eu\/fr\/wp-json\/wp\/v2\/product_cat?post=3881"},{"taxonomy":"product_tag","embeddable":true,"href":"https:\/\/curefini.eu\/fr\/wp-json\/wp\/v2\/product_tag?post=3881"}],"curies":[{"name":"wp","href":"https:\/\/api.w.org\/{rel}","templated":true}]}}